{"id":2542,"date":"2022-08-24T03:00:36","date_gmt":"2022-08-24T03:00:36","guid":{"rendered":"http:\/\/127.0.0.1:8080\/diremidapurimac\/?page_id=2542"},"modified":"2022-08-24T03:22:23","modified_gmt":"2022-08-24T03:22:23","slug":"uso-racional","status":"publish","type":"page","link":"https:\/\/sismed.diresaapurimac.gob.pe\/index.php\/uso-racional\/","title":{"rendered":"Uso Racional de Medicamentos"},"content":{"rendered":"\t\t<div data-elementor-type=\"wp-page\" data-elementor-id=\"2542\" class=\"elementor elementor-2542\">\n\t\t\t\t\t\t<section class=\"elementor-section elementor-top-section elementor-element elementor-element-93a58b2 elementor-section-boxed elementor-section-height-default elementor-section-height-default\" data-id=\"93a58b2\" data-element_type=\"section\">\n\t\t\t\t\t\t<div class=\"elementor-container elementor-column-gap-default\">\n\t\t\t\t\t<div class=\"elementor-column elementor-col-100 elementor-top-column elementor-element elementor-element-ab63f84 elementor-invisible\" data-id=\"ab63f84\" data-element_type=\"column\" data-settings=\"{&quot;animation&quot;:&quot;fadeIn&quot;,&quot;animation_delay&quot;:300}\">\n\t\t\t<div class=\"elementor-widget-wrap elementor-element-populated\">\n\t\t\t\t\t\t<div class=\"elementor-element elementor-element-3c45338 elementor-widget elementor-widget-text-editor\" data-id=\"3c45338\" data-element_type=\"widget\" data-widget_type=\"text-editor.default\">\n\t\t\t\t<div class=\"elementor-widget-container\">\n\t\t\t\t\t\t\t\t\t<div id=\"comp-j1f8axjf\" class=\"_1Q9if _3bcaz\" data-testid=\"richTextElement\"><p class=\"font_2\"><span class=\"wixGuard\">\u200bEl Uso Racional de los Medicamentos (URM) es un proceso que comprende la prescripci\u00f3n apropiada de los medicamentos, la disponibilidad oportuna de medicamentos eficaces, seguros y de calidad comprobada, a la mejor relaci\u00f3n costo beneficio, en condiciones de conservaci\u00f3n, almacenamiento y administraci\u00f3n adecuadas. El URM promueve la calidad en el cuidado de la salud, asegurando que usemos los medicamentos s\u00f3lo cuando sean requeridos y que comprendamos claramente el motivo de su uso y la forma correcta de utilizarlos en las dosis, intervalos y per\u00edodos de tiempo indicados por el profesional de la salud. La implementaci\u00f3n del URM debe alcanzar a todos los eslabones de la Cadena del Medicamento. \u00bfQu\u00e9 entendemos por la Cadena del Medicamento? Es la secuencia de pasos interrelacionados que describe la vida de un medicamento, desde que es concebido y desarrollado hasta que es utilizado. La cadena del medicamento incluye el desarrollo experimental y cl\u00ednico del medicamento, su registro, comercializaci\u00f3n, promoci\u00f3n, distribuci\u00f3n, prescripci\u00f3n, dispensaci\u00f3n, uso y disposici\u00f3n final.<\/span><\/p><p class=\"font_2\">Los pacientes reciben la medicaci\u00f3n adecuada a sus necesidades cl\u00ednicas, en las dosis correspondientes a sus requisitos individuales, durante un per\u00edodo de tiempo adecuado y al menor coste posible para ellos y para la comunidad\u201d. (OMS, 1985).<\/p><\/div><div id=\"comp-j1f8gprs\" class=\"_1Q9if _3bcaz\" data-testid=\"richTextElement\"><h3 class=\"font_2\">El problema del uso irracional:\u00a0<\/h3><p class=\"font_2\"><span class=\"wixGuard\">\u200b<\/span>El uso irracional o no racional es la utilizaci\u00f3n de medicamentos de un modo no acorde con la definici\u00f3n anterior de uso racional. En todo el mundo, m\u00e1s del 50% de todos los medicamentos se recetan, se dispensan o se venden de forma inadecuada. Al mismo tiempo, alrededor de un tercio de la poblaci\u00f3n mundial carece de acceso a medicamentos esenciales, y el 50% de los pacientes los toman de forma incorrecta. Los siguientes son algunos tipos frecuentes de uso irracional de medicamentos:<\/p><ul class=\"font_8\"><li><p class=\"font_8\">Uso de demasiadas medicinas por paciente (polifarmacia).<\/p><\/li><li><p class=\"font_8\">Uso inadecuado de medicamentos antimicrobianos, a menudo en dosis incorrectas, para infecciones\u00a0bacterianas.<\/p><\/li><li><p class=\"font_8\">Uso excesivo de inyecciones en casos en los que ser\u00edan m\u00e1s adecuadas formulaciones orales;<\/p><\/li><li><p class=\"font_8\">Recetado no acorde con las directrices cl\u00ednicas.<\/p><\/li><li><p class=\"font_8\">Automedicaci\u00f3n inadecuada, a menudo con medicinas que requieren receta m\u00e9dica.<\/p><\/li><\/ul><\/div>\t\t\t\t\t\t\t\t<\/div>\n\t\t\t\t<\/div>\n\t\t\t\t\t<\/div>\n\t\t<\/div>\n\t\t\t\t\t<\/div>\n\t\t<\/section>\n\t\t\t\t<section class=\"elementor-section elementor-top-section elementor-element elementor-element-5231e82 elementor-section-boxed elementor-section-height-default elementor-section-height-default\" data-id=\"5231e82\" data-element_type=\"section\">\n\t\t\t\t\t\t<div class=\"elementor-container elementor-column-gap-default\">\n\t\t\t\t\t<div class=\"elementor-column elementor-col-100 elementor-top-column elementor-element elementor-element-a678758\" data-id=\"a678758\" data-element_type=\"column\">\n\t\t\t<div class=\"elementor-widget-wrap elementor-element-populated\">\n\t\t\t\t\t\t<div class=\"elementor-element elementor-element-85708ce elementor-widget elementor-widget-image\" data-id=\"85708ce\" data-element_type=\"widget\" data-widget_type=\"image.default\">\n\t\t\t\t<div class=\"elementor-widget-container\">\n\t\t\t\t\t\t\t\t\t\t\t\t\t\t\t<img fetchpriority=\"high\" decoding=\"async\" width=\"776\" height=\"437\" src=\"https:\/\/sismed.diresaapurimac.gob.pe\/wp-content\/uploads\/2022\/08\/Farm1-1.png\" class=\"attachment-large size-large wp-image-2566\" alt=\"\" \/>\t\t\t\t\t\t\t\t\t\t\t\t\t\t\t<\/div>\n\t\t\t\t<\/div>\n\t\t\t\t\t<\/div>\n\t\t<\/div>\n\t\t\t\t\t<\/div>\n\t\t<\/section>\n\t\t\t\t<\/div>\n\t\t","protected":false},"excerpt":{"rendered":"<p>\u200bEl Uso Racional de los Medicamentos (URM) es un proceso que comprende la prescripci\u00f3n apropiada de los medicamentos, la disponibilidad oportuna de medicamentos eficaces, seguros y de calidad comprobada, a la mejor relaci\u00f3n costo beneficio, en condiciones de conservaci\u00f3n, almacenamiento y administraci\u00f3n adecuadas. El URM promueve la calidad en el cuidado de la salud, asegurando&#8230;<\/p>\n","protected":false},"author":1,"featured_media":0,"parent":0,"menu_order":0,"comment_status":"closed","ping_status":"closed","template":"","meta":{"_kadence_starter_templates_imported_post":false,"_kad_post_transparent":"","_kad_post_title":"","_kad_post_layout":"","_kad_post_sidebar_id":"","_kad_post_content_style":"","_kad_post_vertical_padding":"","_kad_post_feature":"","_kad_post_feature_position":"","_kad_post_header":false,"_kad_post_footer":false,"footnotes":""},"class_list":["post-2542","page","type-page","status-publish","hentry"],"_links":{"self":[{"href":"https:\/\/sismed.diresaapurimac.gob.pe\/index.php\/wp-json\/wp\/v2\/pages\/2542","targetHints":{"allow":["GET"]}}],"collection":[{"href":"https:\/\/sismed.diresaapurimac.gob.pe\/index.php\/wp-json\/wp\/v2\/pages"}],"about":[{"href":"https:\/\/sismed.diresaapurimac.gob.pe\/index.php\/wp-json\/wp\/v2\/types\/page"}],"author":[{"embeddable":true,"href":"https:\/\/sismed.diresaapurimac.gob.pe\/index.php\/wp-json\/wp\/v2\/users\/1"}],"replies":[{"embeddable":true,"href":"https:\/\/sismed.diresaapurimac.gob.pe\/index.php\/wp-json\/wp\/v2\/comments?post=2542"}],"version-history":[{"count":23,"href":"https:\/\/sismed.diresaapurimac.gob.pe\/index.php\/wp-json\/wp\/v2\/pages\/2542\/revisions"}],"predecessor-version":[{"id":2569,"href":"https:\/\/sismed.diresaapurimac.gob.pe\/index.php\/wp-json\/wp\/v2\/pages\/2542\/revisions\/2569"}],"wp:attachment":[{"href":"https:\/\/sismed.diresaapurimac.gob.pe\/index.php\/wp-json\/wp\/v2\/media?parent=2542"}],"curies":[{"name":"wp","href":"https:\/\/api.w.org\/{rel}","templated":true}]}}