{"id":2360,"date":"2022-08-20T03:02:18","date_gmt":"2022-08-20T08:02:18","guid":{"rendered":"http:\/\/127.0.0.1:8080\/diremidapurimac\/?page_id=2360"},"modified":"2022-09-11T00:18:46","modified_gmt":"2022-09-11T05:18:46","slug":"das-2","status":"publish","type":"page","link":"https:\/\/sismed.diresaapurimac.gob.pe\/index.php\/das-2\/","title":{"rendered":"DAS"},"content":{"rendered":"\t\t<div data-elementor-type=\"wp-page\" data-elementor-id=\"2360\" class=\"elementor elementor-2360\">\n\t\t\t\t\t\t<section class=\"elementor-section elementor-top-section elementor-element elementor-element-93a58b2 elementor-section-boxed elementor-section-height-default elementor-section-height-default\" data-id=\"93a58b2\" data-element_type=\"section\">\n\t\t\t\t\t\t<div class=\"elementor-container elementor-column-gap-default\">\n\t\t\t\t\t<div class=\"elementor-column elementor-col-100 elementor-top-column elementor-element elementor-element-ab63f84 elementor-invisible\" data-id=\"ab63f84\" data-element_type=\"column\" data-settings=\"{&quot;animation&quot;:&quot;fadeIn&quot;,&quot;animation_delay&quot;:300}\">\n\t\t\t<div class=\"elementor-widget-wrap elementor-element-populated\">\n\t\t\t\t\t\t<div class=\"elementor-element elementor-element-3c45338 elementor-widget elementor-widget-text-editor\" data-id=\"3c45338\" data-element_type=\"widget\" data-widget_type=\"text-editor.default\">\n\t\t\t\t<div class=\"elementor-widget-container\">\n\t\t\t\t\t\t\t\t\t<div id=\"scroll\" class=\"content page__content\"><p id=\"gob17\">La Direcci\u00f3n de Autorizaci\u00f3n Sanitaria autoriza a las droguer\u00edas para comercializar, importar, almacenar o distribuir productos farmac\u00e9uticos, sanitarios y dispositivos m\u00e9dicos, para ponerlos al alcance de las farmacias y boticas.<\/p><p id=\"1695m\">Para hacerlo, la droguer\u00eda debe contar con infraestructura e instalaciones en buenas condiciones de temperatura y humedad para asegurar la calidad y seguridad de los productos.<\/p><\/div><div><div class=\"content page__content requirement \">\u00a0<\/div><\/div>\t\t\t\t\t\t\t\t<\/div>\n\t\t\t\t<\/div>\n\t\t\t\t\t<\/div>\n\t\t<\/div>\n\t\t\t\t\t<\/div>\n\t\t<\/section>\n\t\t\t\t<section class=\"elementor-section elementor-top-section elementor-element elementor-element-cde71fd elementor-section-boxed elementor-section-height-default elementor-section-height-default\" data-id=\"cde71fd\" data-element_type=\"section\">\n\t\t\t\t\t\t<div class=\"elementor-container elementor-column-gap-default\">\n\t\t\t\t\t<div class=\"elementor-column elementor-col-100 elementor-top-column elementor-element elementor-element-82bbac1\" data-id=\"82bbac1\" data-element_type=\"column\">\n\t\t\t<div class=\"elementor-widget-wrap elementor-element-populated\">\n\t\t\t\t\t\t<div class=\"elementor-element elementor-element-ee55e94 elementor-widget elementor-widget-image\" data-id=\"ee55e94\" data-element_type=\"widget\" data-widget_type=\"image.default\">\n\t\t\t\t<div class=\"elementor-widget-container\">\n\t\t\t\t\t\t\t\t\t\t\t\t\t\t\t<img fetchpriority=\"high\" decoding=\"async\" width=\"600\" height=\"360\" src=\"https:\/\/sismed.diresaapurimac.gob.pe\/wp-content\/uploads\/2022\/08\/autorizaciones-sanitarias-oki.jpg\" class=\"attachment-large size-large wp-image-2579\" alt=\"\" \/>\t\t\t\t\t\t\t\t\t\t\t\t\t\t\t<\/div>\n\t\t\t\t<\/div>\n\t\t\t\t\t<\/div>\n\t\t<\/div>\n\t\t\t\t\t<\/div>\n\t\t<\/section>\n\t\t\t\t<\/div>\n\t\t","protected":false},"excerpt":{"rendered":"<p>La Direcci\u00f3n de Autorizaci\u00f3n Sanitaria autoriza a las droguer\u00edas para comercializar, importar, almacenar o distribuir productos farmac\u00e9uticos, sanitarios y dispositivos m\u00e9dicos, para ponerlos al alcance de las farmacias y boticas. Para hacerlo, la droguer\u00eda debe contar con infraestructura e instalaciones en buenas condiciones de temperatura y humedad para asegurar la calidad y seguridad de los&#8230;<\/p>\n","protected":false},"author":1,"featured_media":0,"parent":0,"menu_order":0,"comment_status":"closed","ping_status":"closed","template":"","meta":{"_kadence_starter_templates_imported_post":false,"_kad_post_transparent":"","_kad_post_title":"","_kad_post_layout":"","_kad_post_sidebar_id":"","_kad_post_content_style":"","_kad_post_vertical_padding":"","_kad_post_feature":"","_kad_post_feature_position":"","_kad_post_header":false,"_kad_post_footer":false,"footnotes":""},"class_list":["post-2360","page","type-page","status-publish","hentry"],"_links":{"self":[{"href":"https:\/\/sismed.diresaapurimac.gob.pe\/index.php\/wp-json\/wp\/v2\/pages\/2360","targetHints":{"allow":["GET"]}}],"collection":[{"href":"https:\/\/sismed.diresaapurimac.gob.pe\/index.php\/wp-json\/wp\/v2\/pages"}],"about":[{"href":"https:\/\/sismed.diresaapurimac.gob.pe\/index.php\/wp-json\/wp\/v2\/types\/page"}],"author":[{"embeddable":true,"href":"https:\/\/sismed.diresaapurimac.gob.pe\/index.php\/wp-json\/wp\/v2\/users\/1"}],"replies":[{"embeddable":true,"href":"https:\/\/sismed.diresaapurimac.gob.pe\/index.php\/wp-json\/wp\/v2\/comments?post=2360"}],"version-history":[{"count":12,"href":"https:\/\/sismed.diresaapurimac.gob.pe\/index.php\/wp-json\/wp\/v2\/pages\/2360\/revisions"}],"predecessor-version":[{"id":3282,"href":"https:\/\/sismed.diresaapurimac.gob.pe\/index.php\/wp-json\/wp\/v2\/pages\/2360\/revisions\/3282"}],"wp:attachment":[{"href":"https:\/\/sismed.diresaapurimac.gob.pe\/index.php\/wp-json\/wp\/v2\/media?parent=2360"}],"curies":[{"name":"wp","href":"https:\/\/api.w.org\/{rel}","templated":true}]}}