{"id":2353,"date":"2022-08-20T02:35:04","date_gmt":"2022-08-20T07:35:04","guid":{"rendered":"http:\/\/127.0.0.1:8080\/diremidapurimac\/?page_id=2353"},"modified":"2025-11-26T16:15:59","modified_gmt":"2025-11-26T21:15:59","slug":"direccion-fiscalizacion-control-y-vigilancia-sanitaria","status":"publish","type":"page","link":"https:\/\/sismed.diresaapurimac.gob.pe\/index.php\/direccion-fiscalizacion-control-y-vigilancia-sanitaria\/","title":{"rendered":"DFCVS"},"content":{"rendered":"<p>&nbsp;<\/p>\n<p>Es un \u00f3rgano de l\u00ednea de la Direcci\u00f3n Ejecutiva de Medicamentos Insumos y Drogas, que autoriza el funcionamiento de los establecimientos farmac\u00e9uticos (Farmacias, Boticas, Droguer\u00edas y Farmacias de los Establecimientos de Salud). Asimismo, realiza la Fiscalizaci\u00f3n, el Control y la Vigilancia Sanitaria en Establecimientos Farmac\u00e9uticos y Establecimientos No Farmac\u00e9uticos), convocando la participaci\u00f3n multisectorial para la lucha conjunta contra la falsificaci\u00f3n, adulteraci\u00f3n, contrabando y comercio ilegal de productos farmac\u00e9uticos, dispositivos m\u00e9dicos y productos sanitarios, Cuyos objetivos principales son:<\/p>\n<ol>\n<li style=\"text-align: left;\">Autorizar y mantener actualizada la informaci\u00f3n de los establecimientos farmac\u00e9uticos.<\/li>\n<li style=\"text-align: left;\">Garantizar la calidad de los productos farmac\u00e9uticos, dispositivos<\/li>\n<\/ol>\n<style>\/*! elementor - v3.7.4 - 31-08-2022 *\/<br \/>\n.elementor-heading-title{padding:0;margin:0;line-height:1}.elementor-widget-heading .elementor-heading-title[class*=elementor-size-]>a{color:inherit;font-size:inherit;line-height:inherit}.elementor-widget-heading .elementor-heading-title.elementor-size-small{font-size:15px}.elementor-widget-heading .elementor-heading-title.elementor-size-medium{font-size:19px}.elementor-widget-heading .elementor-heading-title.elementor-size-large{font-size:29px}.elementor-widget-heading .elementor-heading-title.elementor-size-xl{font-size:39px}.elementor-widget-heading .elementor-heading-title.elementor-size-xxl{font-size:59px}<\/style>\n<h4><a>INFORMACION DE INTERES<br \/>\nNORMATIVIDAD<\/a><\/h4>\n<table border=\"0\" width=\"762\" cellspacing=\"0\" cellpadding=\"0\">\n<tbody>\n<tr>\n<td align=\"center\" valign=\"top\" bgcolor=\"#FFFFFF\" width=\"13\" height=\"19\">a).<\/td>\n<td colspan=\"3\" align=\"justify\" bgcolor=\"#FFFFFF\" width=\"670\" height=\"19\"><a href=\"http:\/\/sismed.diresaapurimac.gob.pe\/wp-content\/uploads\/2022\/08\/Ley29459.pdf\" target=\"_blank\" rel=\"noopener\">Ley N\u00b029459 de Productos farmac\u00e9uticos, dispositivos m\u00e9dicos y productos sanitarios.<\/a><\/td>\n<\/tr>\n<\/tbody>\n<\/table>\n<table border=\"0\" width=\"762\" cellspacing=\"0\" cellpadding=\"0\">\n<tbody>\n<tr>\n<td align=\"center\" valign=\"top\" bgcolor=\"#FFFFFF\" width=\"13\" height=\"19\">b).<\/td>\n<td colspan=\"3\" align=\"justify\" bgcolor=\"#FFFFFF\" width=\"670\" height=\"19\"><a style=\"color: #000000;\" href=\"http:\/\/sismed.diresaapurimac.gob.pe\/wp-content\/uploads\/2022\/08\/27-07-11-DS-014-2011-MINSA-Rgto-de-EE-FF-publicado-el-31-07-11.pdf\">D.S 014-2011-S.A. Reglamento de Establecimientos Farmace\u00faticos.<\/a><\/td>\n<\/tr>\n<\/tbody>\n<\/table>\n<table border=\"0\" width=\"762\" cellspacing=\"0\" cellpadding=\"0\">\n<tbody>\n<tr>\n<td align=\"center\" valign=\"top\" bgcolor=\"#FFFFFF\" width=\"13\" height=\"19\">c).<\/td>\n<td colspan=\"3\" align=\"justify\" bgcolor=\"#FFFFFF\" width=\"670\" height=\"19\"><a style=\"color: #000000;\" href=\"http:\/\/sismed.diresaapurimac.gob.pe\/wp-content\/uploads\/2022\/10\/27-07-11-DS-016-2011-MINSA-Rgto-de-RS-y-CyVS-publicado-el-31-07-11.pdf\" target=\"_blank\" rel=\"noopener\">D.S. 016-2011-S.A. Reglamento para el registro control y vigilancia sanitaria de productos farmace\u00faticos, dispositivos m\u00e9dicos y productos sanitarios<\/a><\/td>\n<\/tr>\n<\/tbody>\n<\/table>\n<table border=\"0\" width=\"762\" cellspacing=\"0\" cellpadding=\"0\">\n<tbody>\n<tr>\n<td align=\"center\" valign=\"top\" bgcolor=\"#FFFFFF\" width=\"13\" height=\"19\">d).<\/td>\n<td colspan=\"3\" align=\"justify\" bgcolor=\"#FFFFFF\" width=\"670\" height=\"19\"><a style=\"color: #000000;\" href=\"http:\/\/sismed.diresaapurimac.gob.pe\/wp-content\/uploads\/2022\/10\/MANUAL-B.P.ALMACENAMIENTO.pdf\" target=\"_blank\" rel=\"noopener\">Resoluci\u00f3n Ministerial N\u00b0585-99-SA\/DM, del 27\/11\/1999. Manual de Buenas Pr\u00e1cticas de almacenamiento de productos farmac\u00e9uticos y afines.<\/a><\/td>\n<\/tr>\n<\/tbody>\n<\/table>\n<table border=\"0\" width=\"762\" cellspacing=\"0\" cellpadding=\"0\">\n<tbody>\n<tr>\n<td align=\"center\" valign=\"top\" bgcolor=\"#FFFFFF\" width=\"13\" height=\"19\">e).<\/td>\n<td colspan=\"3\" align=\"justify\" bgcolor=\"#FFFFFF\" width=\"670\" height=\"19\"><a style=\"color: #000000;\" href=\"http:\/\/sismed.diresaapurimac.gob.pe\/wp-content\/uploads\/2022\/10\/Decreto-Supremo-023-2001-SA.pdf\">D.S. 023-2001-SA Reglamento de estupefacientes, psicotr\u00f3picos y otras sustancias sujetas a fiscalizaci\u00f3n sanitaria.<\/a><\/td>\n<\/tr>\n<\/tbody>\n<\/table>\n<table border=\"0\" width=\"762\" cellspacing=\"0\" cellpadding=\"0\">\n<tbody>\n<tr>\n<td align=\"center\" valign=\"top\" bgcolor=\"#FFFFFF\" width=\"13\" height=\"19\">f).<\/td>\n<td colspan=\"3\" align=\"justify\" bgcolor=\"#FFFFFF\" width=\"670\" height=\"19\"><a style=\"color: #000000;\" href=\"http:\/\/diresacusco.gob.pe\/salud_individual\/demid\/control_vigilancia\/normatividad\/RM110502-%20Adquisicion%20de%20Recetarios%20Especiales.pdf\">RM. 1105-2002-SA\/DM. Directiva sobre procedimiento para la distribuci\u00f3n de las recetas especiales<\/a><\/td>\n<\/tr>\n<\/tbody>\n<\/table>\n","protected":false},"excerpt":{"rendered":"<p>&nbsp; Es un \u00f3rgano de l\u00ednea de la Direcci\u00f3n Ejecutiva de Medicamentos Insumos y Drogas, que autoriza el funcionamiento de los establecimientos farmac\u00e9uticos (Farmacias, Boticas, Droguer\u00edas y Farmacias de los Establecimientos de Salud). Asimismo, realiza la Fiscalizaci\u00f3n, el Control y la Vigilancia Sanitaria en Establecimientos Farmac\u00e9uticos y Establecimientos No Farmac\u00e9uticos), convocando la participaci\u00f3n multisectorial para&#8230;<\/p>\n","protected":false},"author":1,"featured_media":0,"parent":0,"menu_order":0,"comment_status":"closed","ping_status":"closed","template":"","meta":{"_kadence_starter_templates_imported_post":false,"_kad_post_transparent":"default","_kad_post_title":"default","_kad_post_layout":"default","_kad_post_sidebar_id":"","_kad_post_content_style":"default","_kad_post_vertical_padding":"default","_kad_post_feature":"","_kad_post_feature_position":"","_kad_post_header":false,"_kad_post_footer":false,"footnotes":""},"class_list":["post-2353","page","type-page","status-publish","hentry"],"_links":{"self":[{"href":"https:\/\/sismed.diresaapurimac.gob.pe\/index.php\/wp-json\/wp\/v2\/pages\/2353","targetHints":{"allow":["GET"]}}],"collection":[{"href":"https:\/\/sismed.diresaapurimac.gob.pe\/index.php\/wp-json\/wp\/v2\/pages"}],"about":[{"href":"https:\/\/sismed.diresaapurimac.gob.pe\/index.php\/wp-json\/wp\/v2\/types\/page"}],"author":[{"embeddable":true,"href":"https:\/\/sismed.diresaapurimac.gob.pe\/index.php\/wp-json\/wp\/v2\/users\/1"}],"replies":[{"embeddable":true,"href":"https:\/\/sismed.diresaapurimac.gob.pe\/index.php\/wp-json\/wp\/v2\/comments?post=2353"}],"version-history":[{"count":123,"href":"https:\/\/sismed.diresaapurimac.gob.pe\/index.php\/wp-json\/wp\/v2\/pages\/2353\/revisions"}],"predecessor-version":[{"id":4883,"href":"https:\/\/sismed.diresaapurimac.gob.pe\/index.php\/wp-json\/wp\/v2\/pages\/2353\/revisions\/4883"}],"wp:attachment":[{"href":"https:\/\/sismed.diresaapurimac.gob.pe\/index.php\/wp-json\/wp\/v2\/media?parent=2353"}],"curies":[{"name":"wp","href":"https:\/\/api.w.org\/{rel}","templated":true}]}}