{"id":2258,"date":"2022-08-15T18:49:33","date_gmt":"2022-08-15T18:49:33","guid":{"rendered":"http:\/\/127.0.0.1:8080\/diremidapurimac\/?page_id=2258"},"modified":"2022-08-15T18:55:54","modified_gmt":"2022-08-15T18:55:54","slug":"mision-y-vision","status":"publish","type":"page","link":"https:\/\/sismed.diresaapurimac.gob.pe\/index.php\/mision-y-vision\/","title":{"rendered":"Mision y Vision"},"content":{"rendered":"\t\t<div data-elementor-type=\"wp-page\" data-elementor-id=\"2258\" class=\"elementor elementor-2258\">\n\t\t\t\t\t\t<section class=\"elementor-section elementor-top-section elementor-element elementor-element-93a58b2 elementor-section-boxed elementor-section-height-default elementor-section-height-default\" data-id=\"93a58b2\" data-element_type=\"section\">\n\t\t\t\t\t\t<div class=\"elementor-container elementor-column-gap-default\">\n\t\t\t\t\t<div class=\"elementor-column elementor-col-100 elementor-top-column elementor-element elementor-element-ab63f84 elementor-invisible\" data-id=\"ab63f84\" data-element_type=\"column\" data-settings=\"{&quot;animation&quot;:&quot;fadeIn&quot;,&quot;animation_delay&quot;:300}\">\n\t\t\t<div class=\"elementor-widget-wrap elementor-element-populated\">\n\t\t\t\t\t\t<div class=\"elementor-element elementor-element-3c45338 elementor-widget elementor-widget-text-editor\" data-id=\"3c45338\" data-element_type=\"widget\" data-widget_type=\"text-editor.default\">\n\t\t\t\t<div class=\"elementor-widget-container\">\n\t\t\t\t\t\t\t\t\t<h3><strong>MISION<\/strong><\/h3><p>Somos un organismo rector y t\u00e9cnico con profesionales competentes y altamente calificados, de referencia nacional e internacional que garantiza el acceso y uso racional de productos farmac\u00e9uticos, dispositivos m\u00e9dicos y productos sanitarios, eficaces, seguros y de calidad para beneficio de la poblaci\u00f3n Apurime\u00f1a.<\/p><hr size=\"1\" \/><h3><strong>VISION<\/strong><\/h3><div><p>Acceso para todos y todas a productos farmac\u00e9uticos, dispositivos m\u00e9dicos y productos sanitarios, seguros y de calidad, usados racionalmente.<\/p><\/div>\t\t\t\t\t\t\t\t<\/div>\n\t\t\t\t<\/div>\n\t\t\t\t\t<\/div>\n\t\t<\/div>\n\t\t\t\t\t<\/div>\n\t\t<\/section>\n\t\t\t\t<\/div>\n\t\t","protected":false},"excerpt":{"rendered":"<p>MISION Somos un organismo rector y t\u00e9cnico con profesionales competentes y altamente calificados, de referencia nacional e internacional que garantiza el acceso y uso racional de productos farmac\u00e9uticos, dispositivos m\u00e9dicos y productos sanitarios, eficaces, seguros y de calidad para beneficio de la poblaci\u00f3n Apurime\u00f1a. VISION Acceso para todos y todas a productos farmac\u00e9uticos, dispositivos m\u00e9dicos&#8230;<\/p>\n","protected":false},"author":1,"featured_media":0,"parent":0,"menu_order":0,"comment_status":"closed","ping_status":"closed","template":"","meta":{"_kadence_starter_templates_imported_post":false,"_kad_post_transparent":"","_kad_post_title":"","_kad_post_layout":"","_kad_post_sidebar_id":"","_kad_post_content_style":"","_kad_post_vertical_padding":"","_kad_post_feature":"","_kad_post_feature_position":"","_kad_post_header":false,"_kad_post_footer":false,"footnotes":""},"class_list":["post-2258","page","type-page","status-publish","hentry"],"_links":{"self":[{"href":"https:\/\/sismed.diresaapurimac.gob.pe\/index.php\/wp-json\/wp\/v2\/pages\/2258","targetHints":{"allow":["GET"]}}],"collection":[{"href":"https:\/\/sismed.diresaapurimac.gob.pe\/index.php\/wp-json\/wp\/v2\/pages"}],"about":[{"href":"https:\/\/sismed.diresaapurimac.gob.pe\/index.php\/wp-json\/wp\/v2\/types\/page"}],"author":[{"embeddable":true,"href":"https:\/\/sismed.diresaapurimac.gob.pe\/index.php\/wp-json\/wp\/v2\/users\/1"}],"replies":[{"embeddable":true,"href":"https:\/\/sismed.diresaapurimac.gob.pe\/index.php\/wp-json\/wp\/v2\/comments?post=2258"}],"version-history":[{"count":4,"href":"https:\/\/sismed.diresaapurimac.gob.pe\/index.php\/wp-json\/wp\/v2\/pages\/2258\/revisions"}],"predecessor-version":[{"id":2262,"href":"https:\/\/sismed.diresaapurimac.gob.pe\/index.php\/wp-json\/wp\/v2\/pages\/2258\/revisions\/2262"}],"wp:attachment":[{"href":"https:\/\/sismed.diresaapurimac.gob.pe\/index.php\/wp-json\/wp\/v2\/media?parent=2258"}],"curies":[{"name":"wp","href":"https:\/\/api.w.org\/{rel}","templated":true}]}}