{"id":2172,"date":"2022-08-12T03:57:59","date_gmt":"2022-08-12T03:57:59","guid":{"rendered":"http:\/\/127.0.0.1:8080\/diremidapurimac\/?page_id=2172"},"modified":"2022-08-24T03:59:40","modified_gmt":"2022-08-24T03:59:40","slug":"daurm","status":"publish","type":"page","link":"https:\/\/sismed.diresaapurimac.gob.pe\/index.php\/daurm\/","title":{"rendered":"DAURM"},"content":{"rendered":"\t\t<div data-elementor-type=\"wp-page\" data-elementor-id=\"2172\" class=\"elementor elementor-2172\">\n\t\t\t\t\t\t<section class=\"elementor-section elementor-top-section elementor-element elementor-element-16b20c37 elementor-section-boxed elementor-section-height-default elementor-section-height-default\" data-id=\"16b20c37\" data-element_type=\"section\">\n\t\t\t\t\t\t<div class=\"elementor-container elementor-column-gap-default\">\n\t\t\t\t\t<div class=\"elementor-column elementor-col-100 elementor-top-column elementor-element elementor-element-284bfccd\" data-id=\"284bfccd\" data-element_type=\"column\">\n\t\t\t<div class=\"elementor-widget-wrap elementor-element-populated\">\n\t\t\t\t\t\t<div class=\"elementor-element elementor-element-26d2b1a3 elementor-widget elementor-widget-text-editor\" data-id=\"26d2b1a3\" data-element_type=\"widget\" data-widget_type=\"text-editor.default\">\n\t\t\t\t<div class=\"elementor-widget-container\">\n\t\t\t\t\t\t\t\t\t\n<p class=\"has-text-align-left\">El Uso Racional de los Medicamentos (URM) es un proceso que comprende la prescripci\u00f3n apropiada de los medicamentos, la disponibilidad oportuna de medicamentos eficaces, seguros y de calidad comprobada, a la mejor relaci\u00f3n costo beneficio, en condiciones de conservaci\u00f3n, almacenamiento y administraci\u00f3n adecuadas. El URM promueve la calidad en el cuidado de la salud, asegurando que usemos los medicamentos s\u00f3lo cuando sean requeridos y que comprendamos claramente el motivo de su uso y la forma correcta de utilizarlos en las dosis, intervalos y per\u00edodos de tiempo indicados por el profesional de la salud. La implementaci\u00f3n del URM debe alcanzar a todos los eslabones de la Cadena del Medicamento. \u00bfQu\u00e9 entendemos por la Cadena del Medicamento? Es la secuencia de pasos interrelacionados que describe la vida de un medicamento, desde que es concebido y desarrollado hasta que es utilizado. La cadena del medicamento incluye el desarrollo experimental y cl\u00ednico del medicamento, su registro, comercializaci\u00f3n, promoci\u00f3n, distribuci\u00f3n, prescripci\u00f3n, dispensaci\u00f3n, uso y disposici\u00f3n final.<\/p>\n\t\t\t\t\t\t\t\t<\/div>\n\t\t\t\t<\/div>\n\t\t\t\t\t<\/div>\n\t\t<\/div>\n\t\t\t\t\t<\/div>\n\t\t<\/section>\n\t\t\t\t<section class=\"elementor-section elementor-top-section elementor-element elementor-element-656f79d elementor-section-boxed elementor-section-height-default elementor-section-height-default\" data-id=\"656f79d\" data-element_type=\"section\">\n\t\t\t\t\t\t<div class=\"elementor-container elementor-column-gap-default\">\n\t\t\t\t\t<div class=\"elementor-column elementor-col-100 elementor-top-column elementor-element elementor-element-11724b3\" data-id=\"11724b3\" data-element_type=\"column\">\n\t\t\t<div class=\"elementor-widget-wrap elementor-element-populated\">\n\t\t\t\t\t\t<div class=\"elementor-element elementor-element-a9ac65b elementor-widget elementor-widget-image\" data-id=\"a9ac65b\" data-element_type=\"widget\" data-widget_type=\"image.default\">\n\t\t\t\t<div class=\"elementor-widget-container\">\n\t\t\t\t\t\t\t\t\t\t\t\t\t\t\t<img fetchpriority=\"high\" decoding=\"async\" width=\"640\" height=\"360\" src=\"https:\/\/sismed.diresaapurimac.gob.pe\/wp-content\/uploads\/2022\/08\/uso-racional-oki.jpg\" class=\"attachment-large size-large wp-image-2589\" alt=\"\" \/>\t\t\t\t\t\t\t\t\t\t\t\t\t\t\t<\/div>\n\t\t\t\t<\/div>\n\t\t\t\t\t<\/div>\n\t\t<\/div>\n\t\t\t\t\t<\/div>\n\t\t<\/section>\n\t\t\t\t<\/div>\n\t\t","protected":false},"excerpt":{"rendered":"<p>El Uso Racional de los Medicamentos (URM) es un proceso que comprende la prescripci\u00f3n apropiada de los medicamentos, la disponibilidad oportuna de medicamentos eficaces, seguros y de calidad comprobada, a la mejor relaci\u00f3n costo beneficio, en condiciones de conservaci\u00f3n, almacenamiento y administraci\u00f3n adecuadas. El URM promueve la calidad en el cuidado de la salud, asegurando&#8230;<\/p>\n","protected":false},"author":1,"featured_media":0,"parent":0,"menu_order":0,"comment_status":"closed","ping_status":"closed","template":"","meta":{"_kadence_starter_templates_imported_post":false,"_kad_post_transparent":"","_kad_post_title":"","_kad_post_layout":"default","_kad_post_sidebar_id":"","_kad_post_content_style":"","_kad_post_vertical_padding":"","_kad_post_feature":"","_kad_post_feature_position":"","_kad_post_header":false,"_kad_post_footer":false,"footnotes":""},"class_list":["post-2172","page","type-page","status-publish","hentry"],"_links":{"self":[{"href":"https:\/\/sismed.diresaapurimac.gob.pe\/index.php\/wp-json\/wp\/v2\/pages\/2172","targetHints":{"allow":["GET"]}}],"collection":[{"href":"https:\/\/sismed.diresaapurimac.gob.pe\/index.php\/wp-json\/wp\/v2\/pages"}],"about":[{"href":"https:\/\/sismed.diresaapurimac.gob.pe\/index.php\/wp-json\/wp\/v2\/types\/page"}],"author":[{"embeddable":true,"href":"https:\/\/sismed.diresaapurimac.gob.pe\/index.php\/wp-json\/wp\/v2\/users\/1"}],"replies":[{"embeddable":true,"href":"https:\/\/sismed.diresaapurimac.gob.pe\/index.php\/wp-json\/wp\/v2\/comments?post=2172"}],"version-history":[{"count":14,"href":"https:\/\/sismed.diresaapurimac.gob.pe\/index.php\/wp-json\/wp\/v2\/pages\/2172\/revisions"}],"predecessor-version":[{"id":2592,"href":"https:\/\/sismed.diresaapurimac.gob.pe\/index.php\/wp-json\/wp\/v2\/pages\/2172\/revisions\/2592"}],"wp:attachment":[{"href":"https:\/\/sismed.diresaapurimac.gob.pe\/index.php\/wp-json\/wp\/v2\/media?parent=2172"}],"curies":[{"name":"wp","href":"https:\/\/api.w.org\/{rel}","templated":true}]}}