{"id":1930,"date":"2020-12-02T14:19:05","date_gmt":"2020-12-02T11:19:05","guid":{"rendered":"https:\/\/startertemplatecloud.com\/e05\/?page_id=1930"},"modified":"2022-09-04T22:48:44","modified_gmt":"2022-09-05T03:48:44","slug":"blog","status":"publish","type":"page","link":"https:\/\/sismed.diresaapurimac.gob.pe\/index.php\/blog\/","title":{"rendered":"Noticias"},"content":{"rendered":"<style>.wp-show-posts-columns#wpsp-3013 {margin-left: -2em; }.wp-show-posts-columns#wpsp-3013 .wp-show-posts-inner {margin: 0 0 2em 2em; }<\/style><section id=\"wpsp-3013\" class=\" wp-show-posts-columns wp-show-posts\" style=\"\"><article class=\" wp-show-posts-single post-4331 post type-post status-publish format-standard has-post-thumbnail hentry category-inicio wpsp-col-4\" itemtype=\"http:\/\/schema.org\/CreativeWork\" itemscope><div class=\"wp-show-posts-inner\" style=\"\">\t\t<div class=\"wp-show-posts-image  wpsp-image-center \">\n\t\t\t<a href=\"https:\/\/sismed.diresaapurimac.gob.pe\/index.php\/2022\/12\/19\/pasacalle-de-sensibilizacion-sobre-reporte-de-reacciones-adversas-a-medicamentos\/\"  title=\"PASACALLE DE SENSIBILIZACION SOBRE REPORTE DE REACCIONES ADVERSAS A MEDICAMENTOS\"><img fetchpriority=\"high\" decoding=\"async\" width=\"1123\" height=\"691\" src=\"https:\/\/sismed.diresaapurimac.gob.pe\/wp-content\/uploads\/2022\/12\/pam2.png\" class=\"attachment-full size-full wp-post-image\" alt=\"\" itemprop=\"image\" srcset=\"https:\/\/sismed.diresaapurimac.gob.pe\/wp-content\/uploads\/2022\/12\/pam2.png 1123w, https:\/\/sismed.diresaapurimac.gob.pe\/wp-content\/uploads\/2022\/12\/pam2-300x185.png 300w, https:\/\/sismed.diresaapurimac.gob.pe\/wp-content\/uploads\/2022\/12\/pam2-1024x630.png 1024w, https:\/\/sismed.diresaapurimac.gob.pe\/wp-content\/uploads\/2022\/12\/pam2-768x473.png 768w\" sizes=\"(max-width: 1123px) 100vw, 1123px\" \/><\/a>\t\t<\/div>\n\t\t\t\t\t\t\t\t<header class=\"wp-show-posts-entry-header\">\n\t\t\t\t\t\t\t<h4 class=\"wp-show-posts-entry-title\" itemprop=\"headline\"><a href=\"https:\/\/sismed.diresaapurimac.gob.pe\/index.php\/2022\/12\/19\/pasacalle-de-sensibilizacion-sobre-reporte-de-reacciones-adversas-a-medicamentos\/\" rel=\"bookmark\">PASACALLE DE SENSIBILIZACION SOBRE REPORTE DE REACCIONES ADVERSAS A MEDICAMENTOS<\/a><\/h4><div class=\"wp-show-posts-entry-meta wp-show-posts-entry-meta-below-title post-meta-inline\"><span class=\"wp-show-posts-posted-on wp-show-posts-meta\">\n\t\t\t\t\t<a href=\"https:\/\/sismed.diresaapurimac.gob.pe\/index.php\/2022\/12\/19\/pasacalle-de-sensibilizacion-sobre-reporte-de-reacciones-adversas-a-medicamentos\/\" title=\"12:53 PM\" rel=\"bookmark\"><time class=\"wp-show-posts-entry-date published\" datetime=\"2022-12-19T12:53:24-05:00\" itemprop=\"datePublished\">19 de diciembre de 2022<\/time><time class=\"wp-show-posts-updated\" datetime=\"2022-12-19T12:56:25-05:00\" itemprop=\"dateModified\">19 de diciembre de 2022<\/time><\/a>\n\t\t\t\t<\/span><\/div>\t\t\t\t\t\t<\/header><!-- .entry-header -->\n\t\t\t\t\t\t\t\t\t\t\t<div class=\"wp-show-posts-entry-summary\" itemprop=\"text\">\n\t\t\t\t\t\t\t<p>Con coloridos carteles los responsables de las diferentes redes de Salud de Apur\u00edmac (Red de Salud Aymaraes, Red de Salud Grau, Red de Salud Abancay, Red de Salud Cotabambas y&#8230;<\/p>\n\t\t\t\t\t\t<\/div><!-- .entry-summary -->\n\t\t\t\t\t<div class=\"wpsp-read-more\"><a title=\"PASACALLE DE SENSIBILIZACION SOBRE REPORTE DE REACCIONES ADVERSAS A MEDICAMENTOS\" class=\"wp-show-posts-read-more\" href=\"https:\/\/sismed.diresaapurimac.gob.pe\/index.php\/2022\/12\/19\/pasacalle-de-sensibilizacion-sobre-reporte-de-reacciones-adversas-a-medicamentos\/\">Ver mas........&gt;<\/a><\/div><\/div><!-- wp-show-posts-inner --><\/article><article class=\" wp-show-posts-single post-4185 post type-post status-publish format-standard has-post-thumbnail hentry category-inicio wpsp-col-4\" itemtype=\"http:\/\/schema.org\/CreativeWork\" itemscope><div class=\"wp-show-posts-inner\" style=\"\">\t\t<div class=\"wp-show-posts-image  wpsp-image-center \">\n\t\t\t<a href=\"https:\/\/sismed.diresaapurimac.gob.pe\/index.php\/2022\/11\/27\/campana-nacional-de-farmaco-vigilancia-y-tecnovigilancia-reportar-puede-salvar-vidas-taller-de-capacitacion-en-el-sistema-peruano-de-farmacovigilancia-y-tecnovigilancia\/\"  title=\"CAMPA\u00d1A NACIONAL DE FARMACO VIGILANCIA Y TECNOVIGILANCIA REPORTAR PUEDE SALVAR VIDAS &#8220;TALLER DE CAPACITACION EN EL SISTEMA PERUANO DE FARMACOVIGILANCIA Y TECNOVIGILANCIA\u201d\"><img decoding=\"async\" width=\"1280\" height=\"853\" src=\"https:\/\/sismed.diresaapurimac.gob.pe\/wp-content\/uploads\/2022\/11\/2b49759b-47d5-417b-adb5-42743c859b9e.jpg\" class=\"attachment-full size-full wp-post-image\" alt=\"\" itemprop=\"image\" srcset=\"https:\/\/sismed.diresaapurimac.gob.pe\/wp-content\/uploads\/2022\/11\/2b49759b-47d5-417b-adb5-42743c859b9e.jpg 1280w, https:\/\/sismed.diresaapurimac.gob.pe\/wp-content\/uploads\/2022\/11\/2b49759b-47d5-417b-adb5-42743c859b9e-300x200.jpg 300w, https:\/\/sismed.diresaapurimac.gob.pe\/wp-content\/uploads\/2022\/11\/2b49759b-47d5-417b-adb5-42743c859b9e-1024x682.jpg 1024w, https:\/\/sismed.diresaapurimac.gob.pe\/wp-content\/uploads\/2022\/11\/2b49759b-47d5-417b-adb5-42743c859b9e-768x512.jpg 768w\" sizes=\"(max-width: 1280px) 100vw, 1280px\" \/><\/a>\t\t<\/div>\n\t\t\t\t\t\t\t\t<header class=\"wp-show-posts-entry-header\">\n\t\t\t\t\t\t\t<h4 class=\"wp-show-posts-entry-title\" itemprop=\"headline\"><a href=\"https:\/\/sismed.diresaapurimac.gob.pe\/index.php\/2022\/11\/27\/campana-nacional-de-farmaco-vigilancia-y-tecnovigilancia-reportar-puede-salvar-vidas-taller-de-capacitacion-en-el-sistema-peruano-de-farmacovigilancia-y-tecnovigilancia\/\" rel=\"bookmark\">CAMPA\u00d1A NACIONAL DE FARMACO VIGILANCIA Y TECNOVIGILANCIA REPORTAR PUEDE SALVAR VIDAS &#8220;TALLER DE CAPACITACION EN EL SISTEMA PERUANO DE FARMACOVIGILANCIA Y TECNOVIGILANCIA\u201d<\/a><\/h4><div class=\"wp-show-posts-entry-meta wp-show-posts-entry-meta-below-title post-meta-inline\"><span class=\"wp-show-posts-posted-on wp-show-posts-meta\">\n\t\t\t\t\t<a href=\"https:\/\/sismed.diresaapurimac.gob.pe\/index.php\/2022\/11\/27\/campana-nacional-de-farmaco-vigilancia-y-tecnovigilancia-reportar-puede-salvar-vidas-taller-de-capacitacion-en-el-sistema-peruano-de-farmacovigilancia-y-tecnovigilancia\/\" title=\"7:36 PM\" rel=\"bookmark\"><time class=\"wp-show-posts-entry-date published\" datetime=\"2022-11-27T19:36:31-05:00\" itemprop=\"datePublished\">27 de noviembre de 2022<\/time><time class=\"wp-show-posts-updated\" datetime=\"2022-11-27T21:16:08-05:00\" itemprop=\"dateModified\">27 de noviembre de 2022<\/time><\/a>\n\t\t\t\t<\/span><\/div>\t\t\t\t\t\t<\/header><!-- .entry-header -->\n\t\t\t\t\t\t\t\t\t\t\t<div class=\"wp-show-posts-entry-summary\" itemprop=\"text\">\n\t\t\t\t\t\t\t<p>La Direcci\u00f3n Regional de Salud Apur\u00edmac, a trav\u00e9s de la Direcci\u00f3n Ejecutiva de Medicamentos, Insumos y Drogas, realizo la IV Campa\u00f1a Nacional de Farmacovigilancia y Tecnovigilancia- Reportar puede salvar Vidas-&#8230;<\/p>\n\t\t\t\t\t\t<\/div><!-- .entry-summary -->\n\t\t\t\t\t<div class=\"wpsp-read-more\"><a title=\"CAMPA\u00d1A NACIONAL DE FARMACO VIGILANCIA Y TECNOVIGILANCIA REPORTAR PUEDE SALVAR VIDAS &#8220;TALLER DE CAPACITACION EN EL SISTEMA PERUANO DE FARMACOVIGILANCIA Y TECNOVIGILANCIA\u201d\" class=\"wp-show-posts-read-more\" href=\"https:\/\/sismed.diresaapurimac.gob.pe\/index.php\/2022\/11\/27\/campana-nacional-de-farmaco-vigilancia-y-tecnovigilancia-reportar-puede-salvar-vidas-taller-de-capacitacion-en-el-sistema-peruano-de-farmacovigilancia-y-tecnovigilancia\/\">Ver mas........&gt;<\/a><\/div><\/div><!-- wp-show-posts-inner --><\/article><article class=\" wp-show-posts-single post-3899 post type-post status-publish format-standard has-post-thumbnail hentry category-inicio wpsp-col-4\" itemtype=\"http:\/\/schema.org\/CreativeWork\" itemscope><div class=\"wp-show-posts-inner\" style=\"\">\t\t<div class=\"wp-show-posts-image  wpsp-image-center \">\n\t\t\t<a href=\"https:\/\/sismed.diresaapurimac.gob.pe\/index.php\/2022\/10\/24\/reunion-tecnica-de-evaluacion-de-indicadores-y-plantear-estrategias-para-mejorar-la-disponibilidad-de-los-medicamentos-e-insumos-en-la-disa-chanka\/\"  title=\"REUNION TECNICA DE EVALUACION DE INDICADORES Y PLANTEAR ESTRATEGIAS PARA MEJORAR LA DISPONIBILIDAD DE LOS MEDICAMENTOS E INSUMOS EN LA DISA CHANKA\"><img decoding=\"async\" width=\"900\" height=\"600\" src=\"https:\/\/sismed.diresaapurimac.gob.pe\/wp-content\/uploads\/2022\/10\/Disa-Chanka3.jpg\" class=\"attachment-full size-full wp-post-image\" alt=\"\" itemprop=\"image\" srcset=\"https:\/\/sismed.diresaapurimac.gob.pe\/wp-content\/uploads\/2022\/10\/Disa-Chanka3.jpg 900w, https:\/\/sismed.diresaapurimac.gob.pe\/wp-content\/uploads\/2022\/10\/Disa-Chanka3-300x200.jpg 300w, https:\/\/sismed.diresaapurimac.gob.pe\/wp-content\/uploads\/2022\/10\/Disa-Chanka3-768x512.jpg 768w\" sizes=\"(max-width: 900px) 100vw, 900px\" \/><\/a>\t\t<\/div>\n\t\t\t\t\t\t\t\t<header class=\"wp-show-posts-entry-header\">\n\t\t\t\t\t\t\t<h4 class=\"wp-show-posts-entry-title\" itemprop=\"headline\"><a href=\"https:\/\/sismed.diresaapurimac.gob.pe\/index.php\/2022\/10\/24\/reunion-tecnica-de-evaluacion-de-indicadores-y-plantear-estrategias-para-mejorar-la-disponibilidad-de-los-medicamentos-e-insumos-en-la-disa-chanka\/\" rel=\"bookmark\">REUNION TECNICA DE EVALUACION DE INDICADORES Y PLANTEAR ESTRATEGIAS PARA MEJORAR LA DISPONIBILIDAD DE LOS MEDICAMENTOS E INSUMOS EN LA DISA CHANKA<\/a><\/h4><div class=\"wp-show-posts-entry-meta wp-show-posts-entry-meta-below-title post-meta-inline\"><span class=\"wp-show-posts-posted-on wp-show-posts-meta\">\n\t\t\t\t\t<a href=\"https:\/\/sismed.diresaapurimac.gob.pe\/index.php\/2022\/10\/24\/reunion-tecnica-de-evaluacion-de-indicadores-y-plantear-estrategias-para-mejorar-la-disponibilidad-de-los-medicamentos-e-insumos-en-la-disa-chanka\/\" title=\"11:11 PM\" rel=\"bookmark\"><time class=\"wp-show-posts-entry-date published\" datetime=\"2022-10-24T23:11:15-05:00\" itemprop=\"datePublished\">24 de octubre de 2022<\/time><time class=\"wp-show-posts-updated\" datetime=\"2022-11-06T08:29:33-05:00\" itemprop=\"dateModified\">6 de noviembre de 2022<\/time><\/a>\n\t\t\t\t<\/span><\/div>\t\t\t\t\t\t<\/header><!-- .entry-header -->\n\t\t\t\t\t\t\t\t\t\t\t<div class=\"wp-show-posts-entry-summary\" itemprop=\"text\">\n\t\t\t\t\t\t\t<p>El Gerente General del Gobierno Regional de Apur\u00edmac, M.C. Julio Cesar Rosario Gonzales, el Director Regional de Salud Apur\u00edmac, Dr. Isnel Ren\u00e1n Ramos Mor\u00f3n y la Directora Ejecutiva de Medicamentos,&#8230;<\/p>\n\t\t\t\t\t\t<\/div><!-- .entry-summary -->\n\t\t\t\t\t<div class=\"wpsp-read-more\"><a title=\"REUNION TECNICA DE EVALUACION DE INDICADORES Y PLANTEAR ESTRATEGIAS PARA MEJORAR LA DISPONIBILIDAD DE LOS MEDICAMENTOS E INSUMOS EN LA DISA CHANKA\" class=\"wp-show-posts-read-more\" href=\"https:\/\/sismed.diresaapurimac.gob.pe\/index.php\/2022\/10\/24\/reunion-tecnica-de-evaluacion-de-indicadores-y-plantear-estrategias-para-mejorar-la-disponibilidad-de-los-medicamentos-e-insumos-en-la-disa-chanka\/\">Ver mas........&gt;<\/a><\/div><\/div><!-- wp-show-posts-inner --><\/article><article class=\" wp-show-posts-single post-3457 post type-post status-publish format-standard has-post-thumbnail hentry category-inicio wpsp-col-4\" itemtype=\"http:\/\/schema.org\/CreativeWork\" itemscope><div class=\"wp-show-posts-inner\" style=\"\">\t\t<div class=\"wp-show-posts-image  wpsp-image-center \">\n\t\t\t<a href=\"https:\/\/sismed.diresaapurimac.gob.pe\/index.php\/2022\/10\/04\/la-medicina-bamba-mata-ponle-ojo-al-medicamento-que-compras-lanzamiento-de-campana\/\"  title=\"\u00a1LA MEDICINA BAMBA MATA! PONLE OJO AL MEDICAMENTO QUE COMPRAS. LANZAMIENTO DE CAMPA\u00d1A\"><img loading=\"lazy\" decoding=\"async\" width=\"934\" height=\"600\" src=\"https:\/\/sismed.diresaapurimac.gob.pe\/wp-content\/uploads\/2022\/10\/Li01.jpg\" class=\"attachment-full size-full wp-post-image\" alt=\"\" itemprop=\"image\" srcset=\"https:\/\/sismed.diresaapurimac.gob.pe\/wp-content\/uploads\/2022\/10\/Li01.jpg 934w, https:\/\/sismed.diresaapurimac.gob.pe\/wp-content\/uploads\/2022\/10\/Li01-300x193.jpg 300w, https:\/\/sismed.diresaapurimac.gob.pe\/wp-content\/uploads\/2022\/10\/Li01-768x493.jpg 768w\" sizes=\"(max-width: 934px) 100vw, 934px\" \/><\/a>\t\t<\/div>\n\t\t\t\t\t\t\t\t<header class=\"wp-show-posts-entry-header\">\n\t\t\t\t\t\t\t<h4 class=\"wp-show-posts-entry-title\" itemprop=\"headline\"><a href=\"https:\/\/sismed.diresaapurimac.gob.pe\/index.php\/2022\/10\/04\/la-medicina-bamba-mata-ponle-ojo-al-medicamento-que-compras-lanzamiento-de-campana\/\" rel=\"bookmark\">\u00a1LA MEDICINA BAMBA MATA! PONLE OJO AL MEDICAMENTO QUE COMPRAS. LANZAMIENTO DE CAMPA\u00d1A<\/a><\/h4><div class=\"wp-show-posts-entry-meta wp-show-posts-entry-meta-below-title post-meta-inline\"><span class=\"wp-show-posts-posted-on wp-show-posts-meta\">\n\t\t\t\t\t<a href=\"https:\/\/sismed.diresaapurimac.gob.pe\/index.php\/2022\/10\/04\/la-medicina-bamba-mata-ponle-ojo-al-medicamento-que-compras-lanzamiento-de-campana\/\" title=\"12:48 PM\" rel=\"bookmark\"><time class=\"wp-show-posts-entry-date published\" datetime=\"2022-10-04T12:48:37-05:00\" itemprop=\"datePublished\">4 de octubre de 2022<\/time><time class=\"wp-show-posts-updated\" datetime=\"2022-11-06T08:31:55-05:00\" itemprop=\"dateModified\">6 de noviembre de 2022<\/time><\/a>\n\t\t\t\t<\/span><\/div>\t\t\t\t\t\t<\/header><!-- .entry-header -->\n\t\t\t\t\t\t\t\t\t\t\t<div class=\"wp-show-posts-entry-summary\" itemprop=\"text\">\n\t\t\t\t\t\t\t<p>LA Direcci\u00f3n Regional de Salud Apur\u00edmac con el prop\u00f3sito de salvaguardar la salud de la poblaci\u00f3n, se lanzo la campa\u00f1a &#8220;La Medicina Bamba Mata&#8221; realizada en el auditorio de la&#8230;<\/p>\n\t\t\t\t\t\t<\/div><!-- .entry-summary -->\n\t\t\t\t\t<div class=\"wpsp-read-more\"><a title=\"\u00a1LA MEDICINA BAMBA MATA! PONLE OJO AL MEDICAMENTO QUE COMPRAS. LANZAMIENTO DE CAMPA\u00d1A\" class=\"wp-show-posts-read-more\" href=\"https:\/\/sismed.diresaapurimac.gob.pe\/index.php\/2022\/10\/04\/la-medicina-bamba-mata-ponle-ojo-al-medicamento-que-compras-lanzamiento-de-campana\/\">Ver mas........&gt;<\/a><\/div><\/div><!-- wp-show-posts-inner --><\/article><article class=\" wp-show-posts-single post-3454 post type-post status-publish format-standard has-post-thumbnail hentry category-inicio wpsp-col-4\" itemtype=\"http:\/\/schema.org\/CreativeWork\" itemscope><div class=\"wp-show-posts-inner\" style=\"\">\t\t<div class=\"wp-show-posts-image  wpsp-image-center \">\n\t\t\t<a href=\"https:\/\/sismed.diresaapurimac.gob.pe\/index.php\/2022\/10\/04\/validacion-de-petitorio-regional-unico-de-medicamentos-escenciales-por-niveles-de-atencion-y-asistencia-tecnica-a-comites-farmacoterapeuticos\/\"  title=\"VALIDACION DE PETITORIO REGIONAL UNICO DE MEDICAMENTOS ESCENCIALES POR NIVELES DE ATENCION Y ASISTENCIA TECNICA A COMITES FARMACOTERAPEUTICOS\"><img loading=\"lazy\" decoding=\"async\" width=\"900\" height=\"600\" src=\"https:\/\/sismed.diresaapurimac.gob.pe\/wp-content\/uploads\/2022\/10\/Claudiofoto.jpg\" class=\"attachment-full size-full wp-post-image\" alt=\"\" itemprop=\"image\" srcset=\"https:\/\/sismed.diresaapurimac.gob.pe\/wp-content\/uploads\/2022\/10\/Claudiofoto.jpg 900w, https:\/\/sismed.diresaapurimac.gob.pe\/wp-content\/uploads\/2022\/10\/Claudiofoto-300x200.jpg 300w, https:\/\/sismed.diresaapurimac.gob.pe\/wp-content\/uploads\/2022\/10\/Claudiofoto-768x512.jpg 768w\" sizes=\"(max-width: 900px) 100vw, 900px\" \/><\/a>\t\t<\/div>\n\t\t\t\t\t\t\t\t<header class=\"wp-show-posts-entry-header\">\n\t\t\t\t\t\t\t<h4 class=\"wp-show-posts-entry-title\" itemprop=\"headline\"><a href=\"https:\/\/sismed.diresaapurimac.gob.pe\/index.php\/2022\/10\/04\/validacion-de-petitorio-regional-unico-de-medicamentos-escenciales-por-niveles-de-atencion-y-asistencia-tecnica-a-comites-farmacoterapeuticos\/\" rel=\"bookmark\">VALIDACION DE PETITORIO REGIONAL UNICO DE MEDICAMENTOS ESCENCIALES POR NIVELES DE ATENCION Y ASISTENCIA TECNICA A COMITES FARMACOTERAPEUTICOS<\/a><\/h4><div class=\"wp-show-posts-entry-meta wp-show-posts-entry-meta-below-title post-meta-inline\"><span class=\"wp-show-posts-posted-on wp-show-posts-meta\">\n\t\t\t\t\t<a href=\"https:\/\/sismed.diresaapurimac.gob.pe\/index.php\/2022\/10\/04\/validacion-de-petitorio-regional-unico-de-medicamentos-escenciales-por-niveles-de-atencion-y-asistencia-tecnica-a-comites-farmacoterapeuticos\/\" title=\"12:27 PM\" rel=\"bookmark\"><time class=\"wp-show-posts-entry-date published\" datetime=\"2022-10-04T12:27:27-05:00\" itemprop=\"datePublished\">4 de octubre de 2022<\/time><time class=\"wp-show-posts-updated\" datetime=\"2022-11-06T08:32:06-05:00\" itemprop=\"dateModified\">6 de noviembre de 2022<\/time><\/a>\n\t\t\t\t<\/span><\/div>\t\t\t\t\t\t<\/header><!-- .entry-header -->\n\t\t\t\t\t\t\t\t\t\t\t<div class=\"wp-show-posts-entry-summary\" itemprop=\"text\">\n\t\t\t\t\t\t\t<p>Los d\u00edas 20 y 21 de setiembre 2022 se realizo la asistencia t\u00e9cnica a los comit\u00e9s Farmacoterap\u00e9uticos de las redes de salud y hospitales del \u00e1mbito de la DIRESA Apur\u00edmac,&#8230;<\/p>\n\t\t\t\t\t\t<\/div><!-- .entry-summary -->\n\t\t\t\t\t<div class=\"wpsp-read-more\"><a title=\"VALIDACION DE PETITORIO REGIONAL UNICO DE MEDICAMENTOS ESCENCIALES POR NIVELES DE ATENCION Y ASISTENCIA TECNICA A COMITES FARMACOTERAPEUTICOS\" class=\"wp-show-posts-read-more\" href=\"https:\/\/sismed.diresaapurimac.gob.pe\/index.php\/2022\/10\/04\/validacion-de-petitorio-regional-unico-de-medicamentos-escenciales-por-niveles-de-atencion-y-asistencia-tecnica-a-comites-farmacoterapeuticos\/\">Ver mas........&gt;<\/a><\/div><\/div><!-- wp-show-posts-inner --><\/article><article class=\" wp-show-posts-single post-2431 post type-post status-publish format-standard has-post-thumbnail hentry category-inicio wpsp-col-4\" itemtype=\"http:\/\/schema.org\/CreativeWork\" itemscope><div class=\"wp-show-posts-inner\" style=\"\">\t\t<div class=\"wp-show-posts-image  wpsp-image-center \">\n\t\t\t<a href=\"https:\/\/sismed.diresaapurimac.gob.pe\/index.php\/2022\/08\/22\/reunion-tecnica-de-evaluacion-de-indicadore-y-plantear-estrategias\/\"  title=\"&#8220;REUNION TECNICA DE EVALUACION DE INDICADORES Y PLANTEAR ESTRATEGIAS PARA MEJORAR DISPONIBILIDAD DE LOS MEDICAMENTOS E INSUMOS DE LA REGION APURIMAC&#8221;\"><img loading=\"lazy\" decoding=\"async\" width=\"1280\" height=\"854\" src=\"https:\/\/sismed.diresaapurimac.gob.pe\/wp-content\/uploads\/2022\/08\/Dr-Isnel.jpg\" class=\"attachment-full size-full wp-post-image\" alt=\"\" itemprop=\"image\" \/><\/a>\t\t<\/div>\n\t\t\t\t\t\t\t\t<header class=\"wp-show-posts-entry-header\">\n\t\t\t\t\t\t\t<h4 class=\"wp-show-posts-entry-title\" itemprop=\"headline\"><a href=\"https:\/\/sismed.diresaapurimac.gob.pe\/index.php\/2022\/08\/22\/reunion-tecnica-de-evaluacion-de-indicadore-y-plantear-estrategias\/\" rel=\"bookmark\">&#8220;REUNION TECNICA DE EVALUACION DE INDICADORES Y PLANTEAR ESTRATEGIAS PARA MEJORAR DISPONIBILIDAD DE LOS MEDICAMENTOS E INSUMOS DE LA REGION APURIMAC&#8221;<\/a><\/h4><div class=\"wp-show-posts-entry-meta wp-show-posts-entry-meta-below-title post-meta-inline\"><span class=\"wp-show-posts-posted-on wp-show-posts-meta\">\n\t\t\t\t\t<a href=\"https:\/\/sismed.diresaapurimac.gob.pe\/index.php\/2022\/08\/22\/reunion-tecnica-de-evaluacion-de-indicadore-y-plantear-estrategias\/\" title=\"2:16 AM\" rel=\"bookmark\"><time class=\"wp-show-posts-entry-date published\" datetime=\"2022-08-22T02:16:20-05:00\" itemprop=\"datePublished\">22 de agosto de 2022<\/time><time class=\"wp-show-posts-updated\" datetime=\"2022-11-06T08:32:15-05:00\" itemprop=\"dateModified\">6 de noviembre de 2022<\/time><\/a>\n\t\t\t\t<\/span><\/div>\t\t\t\t\t\t<\/header><!-- .entry-header -->\n\t\t\t\t\t\t\t\t\t\t\t<div class=\"wp-show-posts-entry-summary\" itemprop=\"text\">\n\t\t\t\t\t\t\t<p>Reuni\u00f3n T\u00e9cnica de Evaluaci\u00f3n de Indicadores y Plantear Estrategias para Mejorar la Disponibilidad de los Medicamentos e Insumos de la Regi\u00f3n Apur\u00edmac,\u00a0 dirigido a todas las redes de la regi\u00f3n,&#8230;<\/p>\n\t\t\t\t\t\t<\/div><!-- .entry-summary -->\n\t\t\t\t\t<div class=\"wpsp-read-more\"><a title=\"&#8220;REUNION TECNICA DE EVALUACION DE INDICADORES Y PLANTEAR ESTRATEGIAS PARA MEJORAR DISPONIBILIDAD DE LOS MEDICAMENTOS E INSUMOS DE LA REGION APURIMAC&#8221;\" class=\"wp-show-posts-read-more\" href=\"https:\/\/sismed.diresaapurimac.gob.pe\/index.php\/2022\/08\/22\/reunion-tecnica-de-evaluacion-de-indicadore-y-plantear-estrategias\/\">Ver mas........&gt;<\/a><\/div><\/div><!-- wp-show-posts-inner --><\/article><article class=\" wp-show-posts-single post-2929 post type-post status-publish format-standard has-post-thumbnail hentry category-inicio wpsp-col-4\" itemtype=\"http:\/\/schema.org\/CreativeWork\" itemscope><div class=\"wp-show-posts-inner\" style=\"\">\t\t<div class=\"wp-show-posts-image  wpsp-image-center \">\n\t\t\t<a href=\"https:\/\/sismed.diresaapurimac.gob.pe\/index.php\/2021\/11\/25\/lanzamiento-de-la-campana-de-medicina-bamba-mata-para-evitar-la-comercializacion-informal-de-medicamentos\/\"  title=\"LANZAMIENTO DE LA CAMPA\u00d1A DE MEDICINA BAMBA MATA, PARA EVITAR LA COMERCIALIZACI\u00d3N INFORMAL DE MEDICAMENTOS\"><img loading=\"lazy\" decoding=\"async\" width=\"719\" height=\"480\" src=\"https:\/\/sismed.diresaapurimac.gob.pe\/wp-content\/uploads\/2022\/08\/Foto4pam.png\" class=\"attachment-full size-full wp-post-image\" alt=\"\" itemprop=\"image\" \/><\/a>\t\t<\/div>\n\t\t\t\t\t\t\t\t<header class=\"wp-show-posts-entry-header\">\n\t\t\t\t\t\t\t<h4 class=\"wp-show-posts-entry-title\" itemprop=\"headline\"><a href=\"https:\/\/sismed.diresaapurimac.gob.pe\/index.php\/2021\/11\/25\/lanzamiento-de-la-campana-de-medicina-bamba-mata-para-evitar-la-comercializacion-informal-de-medicamentos\/\" rel=\"bookmark\">LANZAMIENTO DE LA CAMPA\u00d1A DE MEDICINA BAMBA MATA, PARA EVITAR LA COMERCIALIZACI\u00d3N INFORMAL DE MEDICAMENTOS<\/a><\/h4><div class=\"wp-show-posts-entry-meta wp-show-posts-entry-meta-below-title post-meta-inline\"><span class=\"wp-show-posts-posted-on wp-show-posts-meta\">\n\t\t\t\t\t<a href=\"https:\/\/sismed.diresaapurimac.gob.pe\/index.php\/2021\/11\/25\/lanzamiento-de-la-campana-de-medicina-bamba-mata-para-evitar-la-comercializacion-informal-de-medicamentos\/\" title=\"12:14 AM\" rel=\"bookmark\"><time class=\"wp-show-posts-entry-date published\" datetime=\"2021-11-25T00:14:00-05:00\" itemprop=\"datePublished\">25 de noviembre de 2021<\/time><time class=\"wp-show-posts-updated\" datetime=\"2022-11-06T08:32:23-05:00\" itemprop=\"dateModified\">6 de noviembre de 2022<\/time><\/a>\n\t\t\t\t<\/span><\/div>\t\t\t\t\t\t<\/header><!-- .entry-header -->\n\t\t\t\t\t\t\t\t\t\t\t<div class=\"wp-show-posts-entry-summary\" itemprop=\"text\">\n\t\t\t\t\t\t\t<p>Se realiz\u00f3 el lanzamiento de la campa\u00f1a \u201cMedicina Bamba Mata, actividad que permite reforzar el trabajo que desarrolla el grupo t\u00e9cnico Multisectorial de Prevenci\u00f3n y Combate al Contrabando, Comercio Ilegal&#8230;<\/p>\n\t\t\t\t\t\t<\/div><!-- .entry-summary -->\n\t\t\t\t\t<div class=\"wpsp-read-more\"><a title=\"LANZAMIENTO DE LA CAMPA\u00d1A DE MEDICINA BAMBA MATA, PARA EVITAR LA COMERCIALIZACI\u00d3N INFORMAL DE MEDICAMENTOS\" class=\"wp-show-posts-read-more\" href=\"https:\/\/sismed.diresaapurimac.gob.pe\/index.php\/2021\/11\/25\/lanzamiento-de-la-campana-de-medicina-bamba-mata-para-evitar-la-comercializacion-informal-de-medicamentos\/\">Ver mas........&gt;<\/a><\/div><\/div><!-- wp-show-posts-inner --><\/article><div class=\"wpsp-clear\"><\/div><\/section><!-- .wp-show-posts -->\n","protected":false},"excerpt":{"rendered":"","protected":false},"author":1,"featured_media":0,"parent":0,"menu_order":0,"comment_status":"closed","ping_status":"closed","template":"","meta":{"_kadence_starter_templates_imported_post":true,"_kad_post_transparent":"","_kad_post_title":"","_kad_post_layout":"","_kad_post_sidebar_id":"","_kad_post_content_style":"","_kad_post_vertical_padding":"","_kad_post_feature":"","_kad_post_feature_position":"","_kad_post_header":false,"_kad_post_footer":false,"footnotes":""},"class_list":["post-1930","page","type-page","status-publish","hentry"],"_links":{"self":[{"href":"https:\/\/sismed.diresaapurimac.gob.pe\/index.php\/wp-json\/wp\/v2\/pages\/1930","targetHints":{"allow":["GET"]}}],"collection":[{"href":"https:\/\/sismed.diresaapurimac.gob.pe\/index.php\/wp-json\/wp\/v2\/pages"}],"about":[{"href":"https:\/\/sismed.diresaapurimac.gob.pe\/index.php\/wp-json\/wp\/v2\/types\/page"}],"author":[{"embeddable":true,"href":"https:\/\/sismed.diresaapurimac.gob.pe\/index.php\/wp-json\/wp\/v2\/users\/1"}],"replies":[{"embeddable":true,"href":"https:\/\/sismed.diresaapurimac.gob.pe\/index.php\/wp-json\/wp\/v2\/comments?post=1930"}],"version-history":[{"count":2,"href":"https:\/\/sismed.diresaapurimac.gob.pe\/index.php\/wp-json\/wp\/v2\/pages\/1930\/revisions"}],"predecessor-version":[{"id":3020,"href":"https:\/\/sismed.diresaapurimac.gob.pe\/index.php\/wp-json\/wp\/v2\/pages\/1930\/revisions\/3020"}],"wp:attachment":[{"href":"https:\/\/sismed.diresaapurimac.gob.pe\/index.php\/wp-json\/wp\/v2\/media?parent=1930"}],"curies":[{"name":"wp","href":"https:\/\/api.w.org\/{rel}","templated":true}]}}