{"id":2266,"date":"2022-08-15T18:59:50","date_gmt":"2022-08-15T18:59:50","guid":{"rendered":"http:\/\/127.0.0.1:8080\/diremidapurimac\/?page_id=2266"},"modified":"2022-08-15T19:05:19","modified_gmt":"2022-08-15T19:05:19","slug":"objetivos","status":"publish","type":"page","link":"http:\/\/sismed.diresaapurimac.gob.pe\/index.php\/objetivos\/","title":{"rendered":"Objetivos"},"content":{"rendered":"\t\t<div data-elementor-type=\"wp-page\" data-elementor-id=\"2266\" class=\"elementor elementor-2266\">\n\t\t\t\t\t\t<section class=\"elementor-section elementor-top-section elementor-element elementor-element-93a58b2 elementor-section-boxed elementor-section-height-default elementor-section-height-default\" data-id=\"93a58b2\" data-element_type=\"section\">\n\t\t\t\t\t\t<div class=\"elementor-container elementor-column-gap-default\">\n\t\t\t\t\t<div class=\"elementor-column elementor-col-100 elementor-top-column elementor-element elementor-element-ab63f84 elementor-invisible\" data-id=\"ab63f84\" data-element_type=\"column\" data-settings=\"{&quot;animation&quot;:&quot;fadeIn&quot;,&quot;animation_delay&quot;:300}\">\n\t\t\t<div class=\"elementor-widget-wrap elementor-element-populated\">\n\t\t\t\t\t\t<div class=\"elementor-element elementor-element-3c45338 elementor-widget elementor-widget-text-editor\" data-id=\"3c45338\" data-element_type=\"widget\" data-widget_type=\"text-editor.default\">\n\t\t\t\t<div class=\"elementor-widget-container\">\n\t\t\t\t\t\t\t\t\t<p>La Direcci\u00f3n Ejecutiva de Medicamentos, Insumos y Drogas tiene como Objetivo General: Poner al alcance de la poblaci\u00f3n Productos Farmac\u00e9uticos, Dispositivos M\u00e9dicos y Productos Sanitarios, de calidad, seguros y eficaces, y promocionar el uso racional de Medicamentos.<\/p>\t\t\t\t\t\t\t\t<\/div>\n\t\t\t\t<\/div>\n\t\t\t\t\t<\/div>\n\t\t<\/div>\n\t\t\t\t\t<\/div>\n\t\t<\/section>\n\t\t\t\t<\/div>\n\t\t","protected":false},"excerpt":{"rendered":"<p>La Direcci\u00f3n Ejecutiva de Medicamentos, Insumos y Drogas tiene como Objetivo General: Poner al alcance de la poblaci\u00f3n Productos Farmac\u00e9uticos, Dispositivos M\u00e9dicos y Productos Sanitarios, de calidad, seguros y eficaces, y promocionar el uso racional de Medicamentos.<\/p>\n","protected":false},"author":1,"featured_media":0,"parent":0,"menu_order":0,"comment_status":"closed","ping_status":"closed","template":"","meta":{"_kadence_starter_templates_imported_post":false,"_kad_post_transparent":"","_kad_post_title":"","_kad_post_layout":"","_kad_post_sidebar_id":"","_kad_post_content_style":"","_kad_post_vertical_padding":"","_kad_post_feature":"","_kad_post_feature_position":"","_kad_post_header":false,"_kad_post_footer":false,"footnotes":""},"class_list":["post-2266","page","type-page","status-publish","hentry"],"_links":{"self":[{"href":"http:\/\/sismed.diresaapurimac.gob.pe\/index.php\/wp-json\/wp\/v2\/pages\/2266","targetHints":{"allow":["GET"]}}],"collection":[{"href":"http:\/\/sismed.diresaapurimac.gob.pe\/index.php\/wp-json\/wp\/v2\/pages"}],"about":[{"href":"http:\/\/sismed.diresaapurimac.gob.pe\/index.php\/wp-json\/wp\/v2\/types\/page"}],"author":[{"embeddable":true,"href":"http:\/\/sismed.diresaapurimac.gob.pe\/index.php\/wp-json\/wp\/v2\/users\/1"}],"replies":[{"embeddable":true,"href":"http:\/\/sismed.diresaapurimac.gob.pe\/index.php\/wp-json\/wp\/v2\/comments?post=2266"}],"version-history":[{"count":7,"href":"http:\/\/sismed.diresaapurimac.gob.pe\/index.php\/wp-json\/wp\/v2\/pages\/2266\/revisions"}],"predecessor-version":[{"id":2273,"href":"http:\/\/sismed.diresaapurimac.gob.pe\/index.php\/wp-json\/wp\/v2\/pages\/2266\/revisions\/2273"}],"wp:attachment":[{"href":"http:\/\/sismed.diresaapurimac.gob.pe\/index.php\/wp-json\/wp\/v2\/media?parent=2266"}],"curies":[{"name":"wp","href":"https:\/\/api.w.org\/{rel}","templated":true}]}}